{"id":66,"date":"2022-07-23T14:31:29","date_gmt":"2022-07-23T14:31:29","guid":{"rendered":"http:\/\/biohof.li\/?page_id=66"},"modified":"2024-05-21T17:49:20","modified_gmt":"2024-05-21T17:49:20","slug":"uber-uns","status":"publish","type":"page","link":"https:\/\/biohof.li\/index.php\/uber-uns\/","title":{"rendered":"Verein"},"content":{"rendered":"\t\t<div data-elementor-type=\"wp-page\" data-elementor-id=\"66\" class=\"elementor elementor-66\" data-elementor-post-type=\"page\">\n\t\t\t\t\t\t<section class=\"elementor-section elementor-top-section elementor-element elementor-element-b11e8dc elementor-section-boxed elementor-section-height-default elementor-section-height-default\" data-id=\"b11e8dc\" data-element_type=\"section\">\n\t\t\t\t\t\t<div class=\"elementor-container elementor-column-gap-default\">\n\t\t\t\t\t<div class=\"elementor-column elementor-col-33 elementor-top-column elementor-element elementor-element-93811e3\" data-id=\"93811e3\" data-element_type=\"column\">\n\t\t\t<div class=\"elementor-widget-wrap elementor-element-populated\">\n\t\t\t\t\t\t<div class=\"elementor-element elementor-element-7108687 elementor-widget elementor-widget-heading\" data-id=\"7108687\" data-element_type=\"widget\" data-widget_type=\"heading.default\">\n\t\t\t\t<div class=\"elementor-widget-container\">\n\t\t\t<h2 class=\"elementor-heading-title elementor-size-default\">Verein<\/h2>\t\t<\/div>\n\t\t\t\t<\/div>\n\t\t\t\t<div class=\"elementor-element elementor-element-3df62b4 elementor-widget elementor-widget-text-editor\" data-id=\"3df62b4\" data-element_type=\"widget\" data-widget_type=\"text-editor.default\">\n\t\t\t\t<div class=\"elementor-widget-container\">\n\t\t\t\t\t\t\t<p>Wir sind ein gemeinn\u00fctziger Verein und seit 2020 ein anerkannter Landwirtschaftsbetrieb.<\/p>\t\t\t\t\t\t<\/div>\n\t\t\t\t<\/div>\n\t\t\t\t\t<\/div>\n\t\t<\/div>\n\t\t\t\t<div class=\"elementor-column elementor-col-66 elementor-top-column elementor-element elementor-element-dcb69a6\" data-id=\"dcb69a6\" data-element_type=\"column\">\n\t\t\t<div class=\"elementor-widget-wrap elementor-element-populated\">\n\t\t\t\t\t\t<div class=\"elementor-element elementor-element-977ee13 elementor-widget elementor-widget-image\" data-id=\"977ee13\" data-element_type=\"widget\" data-widget_type=\"image.default\">\n\t\t\t\t<div class=\"elementor-widget-container\">\n\t\t\t\t\t\t\t\t\t\t\t\t\t<img fetchpriority=\"high\" decoding=\"async\" width=\"800\" height=\"451\" src=\"https:\/\/biohof.li\/wp-content\/uploads\/2022\/07\/20220723_185208-1024x577.jpg\" class=\"attachment-large size-large wp-image-192\" alt=\"\" srcset=\"https:\/\/biohof.li\/wp-content\/uploads\/2022\/07\/20220723_185208-1024x577.jpg 1024w, https:\/\/biohof.li\/wp-content\/uploads\/2022\/07\/20220723_185208-300x169.jpg 300w, https:\/\/biohof.li\/wp-content\/uploads\/2022\/07\/20220723_185208-768x432.jpg 768w\" sizes=\"(max-width: 800px) 100vw, 800px\" \/>\t\t\t\t\t\t\t\t\t\t\t\t\t<\/div>\n\t\t\t\t<\/div>\n\t\t\t\t<div class=\"elementor-element elementor-element-b4e76b9 elementor-widget elementor-widget-spacer\" data-id=\"b4e76b9\" data-element_type=\"widget\" data-widget_type=\"spacer.default\">\n\t\t\t\t<div class=\"elementor-widget-container\">\n\t\t\t\t\t<div class=\"elementor-spacer\">\n\t\t\t<div class=\"elementor-spacer-inner\"><\/div>\n\t\t<\/div>\n\t\t\t\t<\/div>\n\t\t\t\t<\/div>\n\t\t\t\t\t<\/div>\n\t\t<\/div>\n\t\t\t\t\t<\/div>\n\t\t<\/section>\n\t\t\t\t<section class=\"elementor-section elementor-top-section elementor-element elementor-element-fc5d27a elementor-section-boxed elementor-section-height-default elementor-section-height-default\" data-id=\"fc5d27a\" data-element_type=\"section\" data-settings=\"{&quot;background_background&quot;:&quot;classic&quot;}\">\n\t\t\t\t\t\t<div class=\"elementor-container elementor-column-gap-default\">\n\t\t\t\t\t<div class=\"elementor-column elementor-col-100 elementor-top-column elementor-element elementor-element-230b196\" data-id=\"230b196\" data-element_type=\"column\">\n\t\t\t<div class=\"elementor-widget-wrap elementor-element-populated\">\n\t\t\t\t\t\t<div class=\"elementor-element elementor-element-4902008 elementor-widget elementor-widget-spacer\" data-id=\"4902008\" data-element_type=\"widget\" data-widget_type=\"spacer.default\">\n\t\t\t\t<div class=\"elementor-widget-container\">\n\t\t\t\t\t<div class=\"elementor-spacer\">\n\t\t\t<div class=\"elementor-spacer-inner\"><\/div>\n\t\t<\/div>\n\t\t\t\t<\/div>\n\t\t\t\t<\/div>\n\t\t\t\t<div class=\"elementor-element elementor-element-dff13fc elementor-widget elementor-widget-heading\" data-id=\"dff13fc\" data-element_type=\"widget\" data-widget_type=\"heading.default\">\n\t\t\t\t<div class=\"elementor-widget-container\">\n\t\t\t<h3 class=\"elementor-heading-title elementor-size-default\">Zweck<\/h3>\t\t<\/div>\n\t\t\t\t<\/div>\n\t\t\t\t<div class=\"elementor-element elementor-element-157ec9f elementor-widget elementor-widget-text-editor\" data-id=\"157ec9f\" data-element_type=\"widget\" data-widget_type=\"text-editor.default\">\n\t\t\t\t<div class=\"elementor-widget-container\">\n\t\t\t\t\t\t\t<ol><li>Forschung und Studium der Ostsorten Europas und der Welt betreffend Eignung f\u00fcr unsere klimatischen Bedingungen und B\u00f6den in Liechtenstein<br \/><br \/><\/li><li>Pflanzen, Pflegen und Z\u00fcchten von geeigneten Sorten<br \/><br \/><\/li><li>Produktion verwertbarer Erzeugnisse aus Pflanzenbau und Nutztierhaltung (Urprodution)<br \/><br \/><\/li><li>Verbreitung des gewonnenen Wissens \u00fcber die Obstsorten und Motivation, Obstsorten anzupflanzen, insbesondere f\u00fcr Landwirtschaftsbetriebe<br \/><br \/>Zur Erf\u00fcllung dieses Zwecks wird ein gewinnorientierter Landwirtschaftsbetrieb gef\u00fchrt.<\/li><\/ol>\t\t\t\t\t\t<\/div>\n\t\t\t\t<\/div>\n\t\t\t\t<div class=\"elementor-element elementor-element-edf5cd7 elementor-widget elementor-widget-spacer\" data-id=\"edf5cd7\" data-element_type=\"widget\" data-widget_type=\"spacer.default\">\n\t\t\t\t<div class=\"elementor-widget-container\">\n\t\t\t\t\t<div class=\"elementor-spacer\">\n\t\t\t<div class=\"elementor-spacer-inner\"><\/div>\n\t\t<\/div>\n\t\t\t\t<\/div>\n\t\t\t\t<\/div>\n\t\t\t\t\t<\/div>\n\t\t<\/div>\n\t\t\t\t\t<\/div>\n\t\t<\/section>\n\t\t\t\t<section class=\"elementor-section elementor-top-section elementor-element elementor-element-66a9c47 elementor-section-boxed elementor-section-height-default elementor-section-height-default\" data-id=\"66a9c47\" data-element_type=\"section\">\n\t\t\t\t\t\t<div class=\"elementor-container elementor-column-gap-default\">\n\t\t\t\t\t<div class=\"elementor-column elementor-col-33 elementor-top-column elementor-element elementor-element-4289c0b\" data-id=\"4289c0b\" data-element_type=\"column\">\n\t\t\t<div class=\"elementor-widget-wrap elementor-element-populated\">\n\t\t\t\t\t\t<div class=\"elementor-element elementor-element-4e96aa4 elementor-widget elementor-widget-spacer\" data-id=\"4e96aa4\" data-element_type=\"widget\" data-widget_type=\"spacer.default\">\n\t\t\t\t<div class=\"elementor-widget-container\">\n\t\t\t\t\t<div class=\"elementor-spacer\">\n\t\t\t<div class=\"elementor-spacer-inner\"><\/div>\n\t\t<\/div>\n\t\t\t\t<\/div>\n\t\t\t\t<\/div>\n\t\t\t\t<div class=\"elementor-element elementor-element-79d975c elementor-widget elementor-widget-image\" data-id=\"79d975c\" data-element_type=\"widget\" data-widget_type=\"image.default\">\n\t\t\t\t<div class=\"elementor-widget-container\">\n\t\t\t\t\t\t\t\t\t\t\t\t\t<img decoding=\"async\" width=\"800\" height=\"451\" src=\"https:\/\/biohof.li\/wp-content\/uploads\/2022\/07\/20220723_183120-1024x577.jpg\" class=\"attachment-large size-large wp-image-199\" alt=\"\" srcset=\"https:\/\/biohof.li\/wp-content\/uploads\/2022\/07\/20220723_183120-1024x577.jpg 1024w, https:\/\/biohof.li\/wp-content\/uploads\/2022\/07\/20220723_183120-300x169.jpg 300w, https:\/\/biohof.li\/wp-content\/uploads\/2022\/07\/20220723_183120-768x432.jpg 768w\" sizes=\"(max-width: 800px) 100vw, 800px\" \/>\t\t\t\t\t\t\t\t\t\t\t\t\t<\/div>\n\t\t\t\t<\/div>\n\t\t\t\t\t<\/div>\n\t\t<\/div>\n\t\t\t\t<div class=\"elementor-column elementor-col-66 elementor-top-column elementor-element elementor-element-1d216e2\" data-id=\"1d216e2\" data-element_type=\"column\">\n\t\t\t<div class=\"elementor-widget-wrap elementor-element-populated\">\n\t\t\t\t\t\t<div class=\"elementor-element elementor-element-2e04f60 elementor-widget elementor-widget-spacer\" data-id=\"2e04f60\" data-element_type=\"widget\" data-widget_type=\"spacer.default\">\n\t\t\t\t<div class=\"elementor-widget-container\">\n\t\t\t\t\t<div class=\"elementor-spacer\">\n\t\t\t<div class=\"elementor-spacer-inner\"><\/div>\n\t\t<\/div>\n\t\t\t\t<\/div>\n\t\t\t\t<\/div>\n\t\t\t\t<div class=\"elementor-element elementor-element-584b5e8 elementor-widget elementor-widget-heading\" data-id=\"584b5e8\" data-element_type=\"widget\" data-widget_type=\"heading.default\">\n\t\t\t\t<div class=\"elementor-widget-container\">\n\t\t\t<h3 class=\"elementor-heading-title elementor-size-default\">\u00dcber uns<\/h3>\t\t<\/div>\n\t\t\t\t<\/div>\n\t\t\t\t<div class=\"elementor-element elementor-element-5c1ef24 elementor-widget elementor-widget-text-editor\" data-id=\"5c1ef24\" data-element_type=\"widget\" data-widget_type=\"text-editor.default\">\n\t\t\t\t<div class=\"elementor-widget-container\">\n\t\t\t\t\t\t\t<p>Seit Jahren betreiben wir einen zertifizierten Bio-Landwirtschaftsbetrieb und produzieren unter anderem Bio-Obst, getrocknete \u00c4pfel, Kirschen, Nashi, Blaubeeren und Fruchts\u00e4fte.<\/p><p>Unsere Sortensammlung ist die gr\u00f6sste in Liechtenstein und in der Region und umfasst \u00fcber 250 Sorten Kern- und Steinobst. Zielsetzung unseres Betriebes sind die Produktion gesunder Nahrungsmittel ohne Chemie-Einsatz sowie die Erhaltung und F\u00f6rderung von alten und neuen Obstsorten.<\/p><p>Durch die Zusammenarbeit mit befreundeten Baumschulen k\u00f6nnen wir nahezu jeden Sortenwunsch erf\u00fcllen. Bitte kontaktieren Sie uns unter +41 79 339 76 03 oder vie E-mail unter info@biohof.li.<\/p>\t\t\t\t\t\t<\/div>\n\t\t\t\t<\/div>\n\t\t\t\t<div class=\"elementor-element elementor-element-bf80906 elementor-widget elementor-widget-spacer\" data-id=\"bf80906\" data-element_type=\"widget\" data-widget_type=\"spacer.default\">\n\t\t\t\t<div class=\"elementor-widget-container\">\n\t\t\t\t\t<div class=\"elementor-spacer\">\n\t\t\t<div class=\"elementor-spacer-inner\"><\/div>\n\t\t<\/div>\n\t\t\t\t<\/div>\n\t\t\t\t<\/div>\n\t\t\t\t\t<\/div>\n\t\t<\/div>\n\t\t\t\t\t<\/div>\n\t\t<\/section>\n\t\t\t\t<section class=\"elementor-section elementor-top-section elementor-element elementor-element-d55dead elementor-section-boxed elementor-section-height-default elementor-section-height-default\" data-id=\"d55dead\" data-element_type=\"section\" data-settings=\"{&quot;background_background&quot;:&quot;classic&quot;}\">\n\t\t\t\t\t\t<div class=\"elementor-container elementor-column-gap-default\">\n\t\t\t\t\t<div class=\"elementor-column elementor-col-100 elementor-top-column elementor-element elementor-element-bd63978\" data-id=\"bd63978\" data-element_type=\"column\">\n\t\t\t<div class=\"elementor-widget-wrap elementor-element-populated\">\n\t\t\t\t\t\t<div class=\"elementor-element elementor-element-2a8dfe8 elementor-widget elementor-widget-spacer\" data-id=\"2a8dfe8\" data-element_type=\"widget\" data-widget_type=\"spacer.default\">\n\t\t\t\t<div class=\"elementor-widget-container\">\n\t\t\t\t\t<div class=\"elementor-spacer\">\n\t\t\t<div class=\"elementor-spacer-inner\"><\/div>\n\t\t<\/div>\n\t\t\t\t<\/div>\n\t\t\t\t<\/div>\n\t\t\t\t<div class=\"elementor-element elementor-element-44862fa elementor-widget elementor-widget-heading\" data-id=\"44862fa\" data-element_type=\"widget\" data-widget_type=\"heading.default\">\n\t\t\t\t<div class=\"elementor-widget-container\">\n\t\t\t<h3 class=\"elementor-heading-title elementor-size-default\">Zertifikate<\/h3>\t\t<\/div>\n\t\t\t\t<\/div>\n\t\t\t\t<div class=\"elementor-element elementor-element-380c54a elementor-widget elementor-widget-text-editor\" data-id=\"380c54a\" data-element_type=\"widget\" data-widget_type=\"text-editor.default\">\n\t\t\t\t<div class=\"elementor-widget-container\">\n\t\t\t\t\t\t\t<p>Wie der Name unseres Vereins bereits verdeutlicht, sind wir ein bio-zertifiziertes Unternehmen. Diese\u00a0<a href=\"http:\/\/biohof.li\/wp-content\/uploads\/2024\/05\/Bio-Zertifikat.pdf\" target=\"_blank\" rel=\"noopener\">Bio-Zertifizierung<\/a> garantiert, dass unsere landwirtschaftlichen Praktiken strengen \u00f6kologischen Standards entsprechen, die sowohl die Nachhaltigkeit als auch die Qualit\u00e4t unserer Produkte sicherstellen.<\/p><p>Dar\u00fcber hinaus erf\u00fcllen wir die umfassenden Anforderungen der Demeter-Richtlinien. Die <a href=\"http:\/\/biohof.li\/wp-content\/uploads\/2024\/05\/Demeter_Anerkennung.pdf\" target=\"_blank\" rel=\"noopener\">Demeter-Zertifizierung<\/a> ist ein Beleg daf\u00fcr, dass wir biodynamische Landwirtschaft betreiben, eine Methode, die nicht nur die Erde schont, sondern auch die Biodiversit\u00e4t f\u00f6rdert und ges\u00fcndere Lebensmittel produziert.<\/p><p>Unsere <a href=\"http:\/\/biohof.li\/wp-content\/uploads\/2024\/05\/Eidgen_Anerkennung.pdf\" target=\"_blank\" rel=\"noopener\">Anerkennung als eidgen\u00f6ssisch zertifizierter Landwirtschaftsbetrieb<\/a> unterstreicht unsere Verpflichtung zur Einhaltung nationaler Standards und zur F\u00f6rderung einer verantwortungsbewussten Agrarwirtschaft in Liechtenstein.<\/p><p>Zus\u00e4tzlich sind wir <a href=\"http:\/\/biohof.li\/wp-content\/uploads\/2024\/05\/HERMES_Zertiizierung.pdf\" target=\"_blank\" rel=\"noopener\">HERMES-zertifiziert<\/a>, was unser umfassendes Know-how in Projektmanagementmethoden best\u00e4tigt. Diese Zertifizierung ist besonders wichtig, um die Effizienz und Effektivit\u00e4t unserer Projekte zu gew\u00e4hrleisten, was essentiell ist, um die vielf\u00e4ltigen Herausforderungen in der Landwirtschaft erfolgreich zu meistern.<\/p><p>Um unser ambitioniertes Ziel zu erreichen, einen liechtensteinischen Sortengarten zu etablieren, wurden wir zudem in einem <a href=\"http:\/\/biohof.li\/wp-content\/uploads\/2024\/05\/Zertifikat_ERASMUS.pdf\" target=\"_blank\" rel=\"noopener\">Erasmus-Projekt<\/a> f\u00fcr die Erwachsenenbildung ausgezeichnet. Dieses Projekt unterst\u00fctzt uns dabei, unser Wissen und unsere Praktiken weiterzuentwickeln und zu teilen, um die lokale Artenvielfalt und das \u00f6kologische Bewusstsein zu f\u00f6rdern.<\/p>\t\t\t\t\t\t<\/div>\n\t\t\t\t<\/div>\n\t\t\t\t<div class=\"elementor-element elementor-element-4ed9e06 elementor-widget elementor-widget-spacer\" data-id=\"4ed9e06\" data-element_type=\"widget\" data-widget_type=\"spacer.default\">\n\t\t\t\t<div class=\"elementor-widget-container\">\n\t\t\t\t\t<div class=\"elementor-spacer\">\n\t\t\t<div class=\"elementor-spacer-inner\"><\/div>\n\t\t<\/div>\n\t\t\t\t<\/div>\n\t\t\t\t<\/div>\n\t\t\t\t\t<\/div>\n\t\t<\/div>\n\t\t\t\t\t<\/div>\n\t\t<\/section>\n\t\t\t\t<\/div>\n\t\t","protected":false},"excerpt":{"rendered":"<p>Verein Wir sind ein gemeinn\u00fctziger Verein und seit 2020 ein anerkannter Landwirtschaftsbetrieb. Zweck Forschung und Studium der Ostsorten Europas und der Welt betreffend Eignung f\u00fcr unsere klimatischen Bedingungen und B\u00f6den in Liechtenstein Pflanzen, Pflegen und Z\u00fcchten von geeigneten Sorten Produktion verwertbarer Erzeugnisse aus Pflanzenbau und Nutztierhaltung (Urprodution) Verbreitung des gewonnenen Wissens \u00fcber die Obstsorten und [&hellip;]<\/p>\n","protected":false},"author":1,"featured_media":0,"parent":0,"menu_order":0,"comment_status":"closed","ping_status":"closed","template":"","meta":{"_acf_changed":false,"footnotes":""},"class_list":["post-66","page","type-page","status-publish","hentry"],"acf":[],"_links":{"self":[{"href":"https:\/\/biohof.li\/index.php\/wp-json\/wp\/v2\/pages\/66"}],"collection":[{"href":"https:\/\/biohof.li\/index.php\/wp-json\/wp\/v2\/pages"}],"about":[{"href":"https:\/\/biohof.li\/index.php\/wp-json\/wp\/v2\/types\/page"}],"author":[{"embeddable":true,"href":"https:\/\/biohof.li\/index.php\/wp-json\/wp\/v2\/users\/1"}],"replies":[{"embeddable":true,"href":"https:\/\/biohof.li\/index.php\/wp-json\/wp\/v2\/comments?post=66"}],"version-history":[{"count":29,"href":"https:\/\/biohof.li\/index.php\/wp-json\/wp\/v2\/pages\/66\/revisions"}],"predecessor-version":[{"id":276,"href":"https:\/\/biohof.li\/index.php\/wp-json\/wp\/v2\/pages\/66\/revisions\/276"}],"wp:attachment":[{"href":"https:\/\/biohof.li\/index.php\/wp-json\/wp\/v2\/media?parent=66"}],"curies":[{"name":"wp","href":"https:\/\/api.w.org\/{rel}","templated":true}]}}